{"id":215,"date":"2026-01-16T09:26:40","date_gmt":"2026-01-16T08:26:40","guid":{"rendered":"https:\/\/skallerup.wpnu.dk\/?page_id=215"},"modified":"2026-01-28T11:42:32","modified_gmt":"2026-01-28T10:42:32","slug":"forside","status":"publish","type":"page","link":"https:\/\/skallerup.wpnu.dk\/de\/","title":{"rendered":"Forside"},"content":{"rendered":"\t\t<div data-elementor-type=\"wp-page\" data-elementor-id=\"215\" class=\"elementor elementor-215 elementor-212\" data-elementor-post-type=\"page\">\n\t\t\t\t<div class=\"elementor-element elementor-element-05a3bbf e-con-full e-flex e-con e-parent\" data-id=\"05a3bbf\" data-element_type=\"container\">\n\t\t\t\t<div class=\"elementor-element elementor-element-9f3f12d elementor-widget elementor-widget-template\" data-id=\"9f3f12d\" data-element_type=\"widget\" data-widget_type=\"template.default\">\n\t\t\t\t<div class=\"elementor-widget-container\">\n\t\t\t\t\t\t\t<div class=\"elementor-template\">\n\t\t\t\t\t<div data-elementor-type=\"container\" data-elementor-id=\"493\" class=\"elementor elementor-493 elementor-404\" data-elementor-post-type=\"elementor_library\">\n\t\t\t\t<div class=\"elementor-element elementor-element-3b4ef34c e-flex e-con-boxed e-con e-parent\" data-id=\"3b4ef34c\" data-element_type=\"container\" data-settings=\"{&quot;background_background&quot;:&quot;classic&quot;}\">\n\t\t\t\t\t<div class=\"e-con-inner\">\n\t\t<div class=\"elementor-element elementor-element-8561ac1 e-con-full e-flex e-con e-child\" data-id=\"8561ac1\" data-element_type=\"container\">\n\t\t\t\t<div class=\"elementor-element elementor-element-2e91bfd0 elementor-widget elementor-widget-heading\" data-id=\"2e91bfd0\" data-element_type=\"widget\" data-widget_type=\"heading.default\">\n\t\t\t\t\t<h1 class=\"elementor-heading-title elementor-size-default\">Ein besonderes Resort in Nordj\u00fctland<\/h1>\t\t\t\t<\/div>\n\t\t\t\t<div class=\"elementor-element elementor-element-1712d155 elementor-widget elementor-widget-text-editor\" data-id=\"1712d155\" data-element_type=\"widget\" data-widget_type=\"text-editor.default\">\n\t\t\t\t\t\t\t\t\tMehr als nur ein Familien-Resort&#8230;\t\t\t\t\t\t\t\t<\/div>\n\t\t\t\t<\/div>\n\t\t\t\t<div class=\"elementor-element elementor-element-4ba8514e elementor-widget elementor-widget-html\" data-id=\"4ba8514e\" data-element_type=\"widget\" data-widget_type=\"html.default\">\n\t\t\t\t\t<!-- Vi gemmer SVG'en med opacity i stedet for visibility, s\u00e5 Safari kan \"se\" den -->\n<svg style=\"position: absolute; width: 1px; height: 1px; opacity: 0.01; pointer-events: none; overflow: hidden;\" aria-hidden=\"true\">\n  <defs>\n    <clippath id=\"header-clip-path\" clippathunits=\"objectBoundingBox\">\n      <path id=\"active-blob-path\" d=\"M0.891,0.234 C0.605,-0.05,0.465,-0.052,0.241,0.102 C0.016,0.256,-0.049,0.517,0.036,0.59 C0.121,0.663,0.23,0.825,0.308,0.912 C0.385,0.999,0.59,1.028,0.709,0.968 C0.827,0.908,1.177,0.517,0.891,0.233\"><\/path>\n    <\/path><\/clippath>\n  <\/defs>\n<\/svg>\n\n<script>\ndocument.addEventListener(\"DOMContentLoaded\", function() {\n    const path = document.getElementById('active-blob-path');\n    if (!path) return;\n\n    const states = [\n        \"M0.891,0.234 C0.605,-0.05,0.465,-0.052,0.241,0.102 C0.016,0.256,-0.049,0.517,0.036,0.59 C0.121,0.663,0.23,0.825,0.308,0.912 C0.385,0.999,0.59,1.028,0.709,0.968 C0.827,0.908,1.177,0.517,0.891,0.233\",\n        \"M0.83,0.296 C0.649,0.16,0.748,-0.024,0.377,0.003 C0.006,0.03,0.06,0.163,0.108,0.388 C0.156,0.614,-0.227,0.998,0.219,1.000 C0.664,1.001,0.756,0.957,0.926,0.831 C1.058,0.734,1.011,0.432,0.831,0.296\",\n        \"M0.88,0.326 C0.636,0.063,0.214,-0.149,0.122,0.135 C0.029,0.419,-0.094,0.514,0.114,0.630 C0.322,0.746,0.176,0.954,0.375,0.938 C0.573,0.922,0.572,1.058,0.763,0.970 C0.954,0.882,1.124,0.589,0.881,0.326\"\n    ];\n\n    let step = 0;\n    function startAnimation() {\n        const nextStep = (step + 1) % states.length;\n        const anim = path.animate([\n            { d: `path(\"${states[step]}\")` },\n            { d: `path(\"${states[nextStep]}\")` }\n        ], {\n            duration: 7000,\n            easing: 'ease-in-out',\n            fill: 'forwards'\n        });\n\n        \/\/ Tvinger Safari\/iPhone til at opdatere masken i hver frame\n        const sync = () => {\n            if (anim.playState === 'finished') return;\n            const currentD = getComputedStyle(path).d;\n            if (currentD && currentD !== 'none') {\n                path.setAttribute('d', currentD.replace(\/^path\\(['\"]?|['\"]?\\)$\/g, ''));\n            }\n            requestAnimationFrame(sync);\n        };\n        requestAnimationFrame(sync);\n\n        anim.onfinish = () => {\n            step = nextStep;\n            startAnimation();\n        };\n    }\n    startAnimation();\n});\n<\/script>\t\t\t\t<\/div>\n\t\t\t\t<div class=\"elementor-element elementor-element-b26ee62 elementor-widget elementor-widget-image\" data-id=\"b26ee62\" data-element_type=\"widget\" data-widget_type=\"image.default\">\n\t\t\t\t\t\t\t\t\t\t\t\t\t\t\t<img fetchpriority=\"high\" decoding=\"async\" width=\"1414\" height=\"1014\" src=\"https:\/\/skallerup.wpnu.dk\/wp-content\/uploads\/2026\/01\/spahus-d5.webp\" class=\"attachment-full size-full wp-image-244\" alt=\"\" srcset=\"https:\/\/skallerup.wpnu.dk\/wp-content\/uploads\/2026\/01\/spahus-d5.webp 1414w, https:\/\/skallerup.wpnu.dk\/wp-content\/uploads\/2026\/01\/spahus-d5-300x215.webp 300w, https:\/\/skallerup.wpnu.dk\/wp-content\/uploads\/2026\/01\/spahus-d5-1024x734.webp 1024w, https:\/\/skallerup.wpnu.dk\/wp-content\/uploads\/2026\/01\/spahus-d5-768x551.webp 768w\" sizes=\"(max-width: 1414px) 100vw, 1414px\" \/>\t\t\t\t\t\t\t\t\t\t\t\t\t\t\t<\/div>\n\t\t\t\t\t<\/div>\n\t\t\t\t<\/div>\n\t\t\t\t<\/div>\n\t\t\t\t<\/div>\n\t\t\t\t\t\t<\/div>\n\t\t\t\t<\/div>\n\t\t\t\t<\/div>\n\t\t<div class=\"elementor-element elementor-element-d8cb48f e-flex e-con-boxed e-con e-parent\" data-id=\"d8cb48f\" data-element_type=\"container\" data-settings=\"{&quot;background_background&quot;:&quot;classic&quot;}\">\n\t\t\t\t\t<div class=\"e-con-inner\">\n\t\t\t\t<div class=\"elementor-element elementor-element-d309d45 elementor-widget elementor-widget-heading\" data-id=\"d309d45\" data-element_type=\"widget\" data-widget_type=\"heading.default\">\n\t\t\t\t\t<h2 class=\"elementor-heading-title elementor-size-default\">Skallerupzeit\nzu jeder Jahreszeit<\/h2>\t\t\t\t<\/div>\n\t\t\t\t<div class=\"elementor-element elementor-element-8ec2444 elementor-arrows-position-inside elementor-widget elementor-widget-loop-carousel\" data-id=\"8ec2444\" data-element_type=\"widget\" data-settings=\"{&quot;template_id&quot;:502,&quot;image_spacing_custom&quot;:{&quot;unit&quot;:&quot;px&quot;,&quot;size&quot;:25,&quot;sizes&quot;:[]},&quot;_skin&quot;:&quot;post&quot;,&quot;slides_to_show&quot;:&quot;3&quot;,&quot;slides_to_show_tablet&quot;:&quot;2&quot;,&quot;slides_to_show_mobile&quot;:&quot;1&quot;,&quot;slides_to_scroll&quot;:&quot;1&quot;,&quot;edit_handle_selector&quot;:&quot;.elementor-loop-container&quot;,&quot;autoplay&quot;:&quot;yes&quot;,&quot;autoplay_speed&quot;:5000,&quot;pause_on_hover&quot;:&quot;yes&quot;,&quot;pause_on_interaction&quot;:&quot;yes&quot;,&quot;speed&quot;:500,&quot;arrows&quot;:&quot;yes&quot;,&quot;image_spacing_custom_tablet&quot;:{&quot;unit&quot;:&quot;px&quot;,&quot;size&quot;:&quot;&quot;,&quot;sizes&quot;:[]},&quot;image_spacing_custom_mobile&quot;:{&quot;unit&quot;:&quot;px&quot;,&quot;size&quot;:&quot;&quot;,&quot;sizes&quot;:[]}}\" data-widget_type=\"loop-carousel.post\">\n\t\t\t\t\t\t\t<div class=\"swiper elementor-loop-container elementor-grid\" role=\"list\" dir=\"ltr\">\n\t\t\t\t<div class=\"swiper-wrapper\" aria-live=\"off\">\n\t\t<style id=\"loop-502\">.elementor-502 .elementor-element.elementor-element-d8295a0{--display:flex;--overflow:hidden;--border-radius:1rem 1rem 1rem 1rem;--padding-top:0px;--padding-bottom:0px;--padding-left:0px;--padding-right:0px;}.elementor-502 .elementor-element.elementor-element-24762ff{--display:flex;--position:absolute;--gap:0.5rem 0.5rem;--row-gap:0.5rem;--column-gap:0.5rem;--border-radius:1.2rem 1.2rem 1.2rem 1.2rem;--margin-top:0px;--margin-bottom:0px;--margin-left:0px;--margin-right:0px;bottom:0.5rem;}.elementor-502 .elementor-element.elementor-element-24762ff:not(.elementor-motion-effects-element-type-background), .elementor-502 .elementor-element.elementor-element-24762ff > .elementor-motion-effects-container > .elementor-motion-effects-layer{background-color:var( --e-global-color-fd671cd );}body:not(.rtl) .elementor-502 .elementor-element.elementor-element-24762ff{left:0.5rem;}body.rtl .elementor-502 .elementor-element.elementor-element-24762ff{right:0.5rem;}.elementor-502 .elementor-element.elementor-element-8eb4aa6 .elementor-heading-title{font-family:\"Fraunces\", Sans-serif;font-size:1.5em;}@media(min-width:768px){.elementor-502 .elementor-element.elementor-element-24762ff{--width:calc(100% - 1rem);}}\/* Start custom CSS for image, class: .elementor-element-a90ddec *\/.elementor-502 .elementor-element.elementor-element-a90ddec img {aspect-ratio: 4\/5;object-fit: cover;}\/* End custom CSS *\/\n\/* Start custom CSS for container, class: .elementor-element-d8295a0 *\/\/* Parent container, klipper zoom og definerer reference *\/\n.elementor-502 .elementor-element.elementor-element-d8295a0 {\n  position: relative !important;\n  overflow: hidden !important;\n  cursor: pointer;\n}\n\n\/* Billedet, klar til zoom uden layout shift *\/\n.elementor-502 .elementor-element.elementor-element-d8295a0 .elementor-widget-image img {\n  width: 100%;\n  height: 100%;\n  object-fit: cover;\n  transform: scale(1);\n  transform-origin: center center;\n  transition: transform 400ms ease;\n  will-change: transform;\n}\n\n\/* Zoom p\u00e5 hover, ogs\u00e5 n\u00e5r man hover den hvide boks *\/\n.elementor-502 .elementor-element.elementor-element-d8295a0:hover .elementor-widget-image img {\n  transform: scale(1.04);\n}\n\n\/* Den hvide boks m\u00e5 gerne \"flyde\" ovenp\u00e5 *\/\n.elementor-502 .elementor-element.elementor-element-d8295a0 .e-con-child,\n.elementor-502 .elementor-element.elementor-element-d8295a0 .elementor-widget-heading,\n.elementor-502 .elementor-element.elementor-element-d8295a0 .elementor-widget-container {\n  overflow: visible !important;\n}\n\n\/* S\u00f8rg for korrekt lagdeling *\/\n.elementor-502 .elementor-element.elementor-element-d8295a0 .elementor-widget-image {\n  position: relative;\n  z-index: 1;\n}\n\n.elementor-502 .elementor-element.elementor-element-d8295a0 .elementor-element-24762ff {\n  position: absolute;\n  z-index: 2;\n}\n\n\/* G\u00f8r hele kortet klikbart via h3 linket *\/\n.elementor-502 .elementor-element.elementor-element-d8295a0 h3 a {\n  position: relative;\n  z-index: 10;\n}\n\n\/* Stor klikflade, men stadig indenfor kortet *\/\n.elementor-502 .elementor-element.elementor-element-d8295a0 h3 a::after {\n  content: \"\";\n  position: absolute;\n  top: -1000px;\n  left: -1000px;\n  right: -1000px;\n  bottom: -1000px;\n}\/* End custom CSS *\/<\/style>\t\t<div data-elementor-type=\"loop-item\" data-elementor-id=\"502\" class=\"elementor elementor-502 swiper-slide e-loop-item e-loop-item-245 post-245 ophold type-ophold status-publish has-post-thumbnail hentry\" data-elementor-post-type=\"elementor_library\" role=\"group\" aria-roledescription=\"slide\" data-custom-edit-handle=\"1\">\n\t\t\t<div class=\"elementor-element elementor-element-d8295a0 e-con-full e-flex e-con e-parent\" data-id=\"d8295a0\" data-element_type=\"container\">\n\t\t\t\t<div class=\"elementor-element elementor-element-a90ddec elementor-widget elementor-widget-image\" data-id=\"a90ddec\" data-element_type=\"widget\" data-widget_type=\"image.default\">\n\t\t\t\t\t\t\t\t\t\t\t\t\t\t\t<img decoding=\"async\" width=\"768\" height=\"551\" src=\"https:\/\/skallerup.wpnu.dk\/wp-content\/uploads\/2026\/01\/spahus-d5-768x551.webp\" class=\"attachment-medium_large size-medium_large wp-image-244\" alt=\"\" srcset=\"https:\/\/skallerup.wpnu.dk\/wp-content\/uploads\/2026\/01\/spahus-d5-768x551.webp 768w, https:\/\/skallerup.wpnu.dk\/wp-content\/uploads\/2026\/01\/spahus-d5-300x215.webp 300w, https:\/\/skallerup.wpnu.dk\/wp-content\/uploads\/2026\/01\/spahus-d5-1024x734.webp 1024w, https:\/\/skallerup.wpnu.dk\/wp-content\/uploads\/2026\/01\/spahus-d5.webp 1414w\" sizes=\"(max-width: 768px) 100vw, 768px\" \/>\t\t\t\t\t\t\t\t\t\t\t\t\t\t\t<\/div>\n\t\t<div class=\"elementor-element elementor-element-24762ff e-con-full e-flex e-con e-child\" data-id=\"24762ff\" data-element_type=\"container\" data-settings=\"{&quot;background_background&quot;:&quot;classic&quot;,&quot;position&quot;:&quot;absolute&quot;}\">\n\t\t\t\t<div class=\"elementor-element elementor-element-8eb4aa6 elementor-widget elementor-widget-theme-post-title elementor-page-title elementor-widget-heading\" data-id=\"8eb4aa6\" data-element_type=\"widget\" data-widget_type=\"theme-post-title.default\">\n\t\t\t\t\t<h3 class=\"elementor-heading-title elementor-size-default\"><a href=\"https:\/\/skallerup.wpnu.dk\/de\/unterkuenfte\/klassisches-ferienhaus-a4\/\">Klassisches Ferienhaus A4<\/a><\/h3>\t\t\t\t<\/div>\n\t\t\t\t<div class=\"elementor-element elementor-element-f63d198 elementor-widget elementor-widget-text-editor\" data-id=\"f63d198\" data-element_type=\"widget\" data-widget_type=\"text-editor.default\">\n\t\t\t\t\t\t\t\t\tKlassisches Ferienhaus A4\t\t\t\t\t\t\t\t<\/div>\n\t\t\t\t<\/div>\n\t\t\t\t<\/div>\n\t\t\t\t<\/div>\n\t\t\t\t<\/div>\n\t\t<\/div>\n\t\t\t\t\t<div class=\"elementor-swiper-button elementor-swiper-button-prev\" role=\"button\" tabindex=\"0\" aria-label=\"Voriger\">\n\t\t\t\t<svg aria-hidden=\"true\" class=\"e-font-icon-svg e-eicon-chevron-left\" viewBox=\"0 0 1000 1000\" xmlns=\"http:\/\/www.w3.org\/2000\/svg\"><path d=\"M646 125C629 125 613 133 604 142L308 442C296 454 292 471 292 487 292 504 296 521 308 533L604 854C617 867 629 875 646 875 663 875 679 871 692 858 704 846 713 829 713 812 713 796 708 779 692 767L438 487 692 225C700 217 708 204 708 187 708 171 704 154 692 142 675 129 663 125 646 125Z\"><\/path><\/svg>\t\t\t<\/div>\n\t\t\t<div class=\"elementor-swiper-button elementor-swiper-button-next\" role=\"button\" tabindex=\"0\" aria-label=\"N\u00e4chster\">\n\t\t\t\t<svg aria-hidden=\"true\" class=\"e-font-icon-svg e-eicon-chevron-right\" viewBox=\"0 0 1000 1000\" xmlns=\"http:\/\/www.w3.org\/2000\/svg\"><path d=\"M696 533C708 521 713 504 713 487 713 471 708 454 696 446L400 146C388 133 375 125 354 125 338 125 325 129 313 142 300 154 292 171 292 187 292 204 296 221 308 233L563 492 304 771C292 783 288 800 288 817 288 833 296 850 308 863 321 871 338 875 354 875 371 875 388 867 400 854L696 533Z\"><\/path><\/svg>\t\t\t<\/div>\n\t\t\t\t\t\t<\/div>\n\t\t\t\t\t<\/div>\n\t\t\t\t<\/div>\n\t\t\t\t<\/div>\n\t\t","protected":false},"excerpt":{"rendered":"<p>Skallerupzeit zu jeder Jahreszeit<\/p>\n","protected":false},"author":1,"featured_media":244,"parent":0,"menu_order":0,"comment_status":"closed","ping_status":"closed","template":"","meta":{"_acf_changed":false,"footnotes":""},"class_list":["post-215","page","type-page","status-publish","has-post-thumbnail","hentry"],"acf":[],"yoast_head":"<!-- This site is optimized with the Yoast SEO plugin v26.9 - https:\/\/yoast.com\/product\/yoast-seo-wordpress\/ -->\n<title>Forside - Skallerup<\/title>\n<meta name=\"robots\" content=\"noindex, follow, max-snippet:-1, max-image-preview:large, max-video-preview:-1\" \/>\n<meta property=\"og:locale\" content=\"de_DE\" \/>\n<meta property=\"og:type\" content=\"article\" \/>\n<meta property=\"og:title\" content=\"Forside - Skallerup\" \/>\n<meta property=\"og:description\" content=\"Skallerupzeit zu jeder Jahreszeit\" \/>\n<meta property=\"og:url\" content=\"https:\/\/skallerup.wpnu.dk\/de\/\" \/>\n<meta property=\"og:site_name\" content=\"Skallerup\" \/>\n<meta property=\"article:modified_time\" content=\"2026-01-28T10:42:32+00:00\" \/>\n<meta property=\"og:image\" content=\"https:\/\/skallerup.wpnu.dk\/wp-content\/uploads\/2026\/01\/spahus-d5.webp\" \/>\n\t<meta property=\"og:image:width\" content=\"1414\" \/>\n\t<meta property=\"og:image:height\" content=\"1014\" \/>\n\t<meta property=\"og:image:type\" content=\"image\/webp\" \/>\n<meta name=\"twitter:card\" content=\"summary_large_image\" \/>\n<script type=\"application\/ld+json\" class=\"yoast-schema-graph\">{\"@context\":\"https:\/\/schema.org\",\"@graph\":[{\"@type\":\"WebPage\",\"@id\":\"https:\/\/skallerup.wpnu.dk\/de\/\",\"url\":\"https:\/\/skallerup.wpnu.dk\/de\/\",\"name\":\"Forside - Skallerup\",\"isPartOf\":{\"@id\":\"https:\/\/skallerup.wpnu.dk\/de\/#website\"},\"primaryImageOfPage\":{\"@id\":\"https:\/\/skallerup.wpnu.dk\/de\/#primaryimage\"},\"image\":{\"@id\":\"https:\/\/skallerup.wpnu.dk\/de\/#primaryimage\"},\"thumbnailUrl\":\"https:\/\/skallerup.wpnu.dk\/wp-content\/uploads\/2026\/01\/spahus-d5.webp\",\"datePublished\":\"2026-01-16T08:26:40+00:00\",\"dateModified\":\"2026-01-28T10:42:32+00:00\",\"breadcrumb\":{\"@id\":\"https:\/\/skallerup.wpnu.dk\/de\/#breadcrumb\"},\"inLanguage\":\"de\",\"potentialAction\":[{\"@type\":\"ReadAction\",\"target\":[\"https:\/\/skallerup.wpnu.dk\/de\/\"]}]},{\"@type\":\"ImageObject\",\"inLanguage\":\"de\",\"@id\":\"https:\/\/skallerup.wpnu.dk\/de\/#primaryimage\",\"url\":\"https:\/\/skallerup.wpnu.dk\/wp-content\/uploads\/2026\/01\/spahus-d5.webp\",\"contentUrl\":\"https:\/\/skallerup.wpnu.dk\/wp-content\/uploads\/2026\/01\/spahus-d5.webp\",\"width\":1414,\"height\":1014},{\"@type\":\"BreadcrumbList\",\"@id\":\"https:\/\/skallerup.wpnu.dk\/de\/#breadcrumb\",\"itemListElement\":[{\"@type\":\"ListItem\",\"position\":1,\"name\":\"Hjem\",\"item\":\"https:\/\/skallerup.wpnu.dk\/de\/forside\/\"},{\"@type\":\"ListItem\",\"position\":2,\"name\":\"Forside\"}]},{\"@type\":\"WebSite\",\"@id\":\"https:\/\/skallerup.wpnu.dk\/de\/#website\",\"url\":\"https:\/\/skallerup.wpnu.dk\/de\/\",\"name\":\"Skallerup\",\"description\":\"Danmarks bedste feriecenter - lige ud til Vesterhavet\",\"publisher\":{\"@id\":\"https:\/\/skallerup.wpnu.dk\/de\/#organization\"},\"potentialAction\":[{\"@type\":\"SearchAction\",\"target\":{\"@type\":\"EntryPoint\",\"urlTemplate\":\"https:\/\/skallerup.wpnu.dk\/de\/?s={search_term_string}\"},\"query-input\":{\"@type\":\"PropertyValueSpecification\",\"valueRequired\":true,\"valueName\":\"search_term_string\"}}],\"inLanguage\":\"de\"},{\"@type\":\"Organization\",\"@id\":\"https:\/\/skallerup.wpnu.dk\/de\/#organization\",\"name\":\"Skallerup\",\"url\":\"https:\/\/skallerup.wpnu.dk\/de\/\",\"logo\":{\"@type\":\"ImageObject\",\"inLanguage\":\"de\",\"@id\":\"https:\/\/skallerup.wpnu.dk\/de\/#\/schema\/logo\/image\/\",\"url\":\"https:\/\/skallerup.wpnu.dk\/wp-content\/uploads\/2026\/01\/Skallerup.svg\",\"contentUrl\":\"https:\/\/skallerup.wpnu.dk\/wp-content\/uploads\/2026\/01\/Skallerup.svg\",\"width\":302,\"height\":89,\"caption\":\"Skallerup\"},\"image\":{\"@id\":\"https:\/\/skallerup.wpnu.dk\/de\/#\/schema\/logo\/image\/\"}}]}<\/script>\n<!-- \/ Yoast SEO plugin. -->","yoast_head_json":{"title":"Forside - Skallerup","robots":{"index":"noindex","follow":"follow","max-snippet":"max-snippet:-1","max-image-preview":"max-image-preview:large","max-video-preview":"max-video-preview:-1"},"og_locale":"de_DE","og_type":"article","og_title":"Forside - Skallerup","og_description":"Skallerupzeit zu jeder Jahreszeit","og_url":"https:\/\/skallerup.wpnu.dk\/de\/","og_site_name":"Skallerup","article_modified_time":"2026-01-28T10:42:32+00:00","og_image":[{"width":1414,"height":1014,"url":"https:\/\/skallerup.wpnu.dk\/wp-content\/uploads\/2026\/01\/spahus-d5.webp","type":"image\/webp"}],"twitter_card":"summary_large_image","schema":{"@context":"https:\/\/schema.org","@graph":[{"@type":"WebPage","@id":"https:\/\/skallerup.wpnu.dk\/de\/","url":"https:\/\/skallerup.wpnu.dk\/de\/","name":"Forside - Skallerup","isPartOf":{"@id":"https:\/\/skallerup.wpnu.dk\/de\/#website"},"primaryImageOfPage":{"@id":"https:\/\/skallerup.wpnu.dk\/de\/#primaryimage"},"image":{"@id":"https:\/\/skallerup.wpnu.dk\/de\/#primaryimage"},"thumbnailUrl":"https:\/\/skallerup.wpnu.dk\/wp-content\/uploads\/2026\/01\/spahus-d5.webp","datePublished":"2026-01-16T08:26:40+00:00","dateModified":"2026-01-28T10:42:32+00:00","breadcrumb":{"@id":"https:\/\/skallerup.wpnu.dk\/de\/#breadcrumb"},"inLanguage":"de","potentialAction":[{"@type":"ReadAction","target":["https:\/\/skallerup.wpnu.dk\/de\/"]}]},{"@type":"ImageObject","inLanguage":"de","@id":"https:\/\/skallerup.wpnu.dk\/de\/#primaryimage","url":"https:\/\/skallerup.wpnu.dk\/wp-content\/uploads\/2026\/01\/spahus-d5.webp","contentUrl":"https:\/\/skallerup.wpnu.dk\/wp-content\/uploads\/2026\/01\/spahus-d5.webp","width":1414,"height":1014},{"@type":"BreadcrumbList","@id":"https:\/\/skallerup.wpnu.dk\/de\/#breadcrumb","itemListElement":[{"@type":"ListItem","position":1,"name":"Hjem","item":"https:\/\/skallerup.wpnu.dk\/de\/forside\/"},{"@type":"ListItem","position":2,"name":"Forside"}]},{"@type":"WebSite","@id":"https:\/\/skallerup.wpnu.dk\/de\/#website","url":"https:\/\/skallerup.wpnu.dk\/de\/","name":"Skallerup","description":"Danmarks bedste feriecenter - lige ud til Vesterhavet","publisher":{"@id":"https:\/\/skallerup.wpnu.dk\/de\/#organization"},"potentialAction":[{"@type":"SearchAction","target":{"@type":"EntryPoint","urlTemplate":"https:\/\/skallerup.wpnu.dk\/de\/?s={search_term_string}"},"query-input":{"@type":"PropertyValueSpecification","valueRequired":true,"valueName":"search_term_string"}}],"inLanguage":"de"},{"@type":"Organization","@id":"https:\/\/skallerup.wpnu.dk\/de\/#organization","name":"Skallerup","url":"https:\/\/skallerup.wpnu.dk\/de\/","logo":{"@type":"ImageObject","inLanguage":"de","@id":"https:\/\/skallerup.wpnu.dk\/de\/#\/schema\/logo\/image\/","url":"https:\/\/skallerup.wpnu.dk\/wp-content\/uploads\/2026\/01\/Skallerup.svg","contentUrl":"https:\/\/skallerup.wpnu.dk\/wp-content\/uploads\/2026\/01\/Skallerup.svg","width":302,"height":89,"caption":"Skallerup"},"image":{"@id":"https:\/\/skallerup.wpnu.dk\/de\/#\/schema\/logo\/image\/"}}]}},"_links":{"self":[{"href":"https:\/\/skallerup.wpnu.dk\/de\/wp-json\/wp\/v2\/pages\/215","targetHints":{"allow":["GET"]}}],"collection":[{"href":"https:\/\/skallerup.wpnu.dk\/de\/wp-json\/wp\/v2\/pages"}],"about":[{"href":"https:\/\/skallerup.wpnu.dk\/de\/wp-json\/wp\/v2\/types\/page"}],"author":[{"embeddable":true,"href":"https:\/\/skallerup.wpnu.dk\/de\/wp-json\/wp\/v2\/users\/1"}],"replies":[{"embeddable":true,"href":"https:\/\/skallerup.wpnu.dk\/de\/wp-json\/wp\/v2\/comments?post=215"}],"version-history":[{"count":9,"href":"https:\/\/skallerup.wpnu.dk\/de\/wp-json\/wp\/v2\/pages\/215\/revisions"}],"predecessor-version":[{"id":863,"href":"https:\/\/skallerup.wpnu.dk\/de\/wp-json\/wp\/v2\/pages\/215\/revisions\/863"}],"wp:featuredmedia":[{"embeddable":true,"href":"https:\/\/skallerup.wpnu.dk\/de\/wp-json\/wp\/v2\/media\/244"}],"wp:attachment":[{"href":"https:\/\/skallerup.wpnu.dk\/de\/wp-json\/wp\/v2\/media?parent=215"}],"curies":[{"name":"wp","href":"https:\/\/api.w.org\/{rel}","templated":true}]}}